{"id":682,"date":"2021-08-21T16:15:01","date_gmt":"2021-08-21T19:15:01","guid":{"rendered":"https:\/\/ieepeducacao.com.br\/universoagil\/?page_id=682"},"modified":"2021-08-21T16:18:07","modified_gmt":"2021-08-21T19:18:07","slug":"teste-estilo-de-lideranca","status":"publish","type":"page","link":"https:\/\/ieepeducacao.com.br\/universoagil\/teste-estilo-de-lideranca\/","title":{"rendered":"Teste: Estilo de Lideran\u00e7a"},"content":{"rendered":"\t\t<div data-elementor-type=\"wp-page\" data-elementor-id=\"682\" class=\"elementor elementor-682\" data-elementor-settings=\"[]\">\n\t\t\t\t\t\t\t<div class=\"elementor-section-wrap\">\n\t\t\t\t\t\t\t<section class=\"elementor-section elementor-top-section elementor-element elementor-element-899c644 elementor-section-boxed elementor-section-height-default elementor-section-height-default\" data-id=\"899c644\" data-element_type=\"section\" data-settings=\"{&quot;background_background&quot;:&quot;classic&quot;}\">\n\t\t\t\t\t\t\t<div class=\"elementor-background-overlay\"><\/div>\n\t\t\t\t\t\t\t<div class=\"elementor-container elementor-column-gap-default\">\n\t\t\t\t\t<div class=\"elementor-column elementor-col-100 elementor-top-column elementor-element elementor-element-893bec7\" data-id=\"893bec7\" data-element_type=\"column\">\n\t\t\t<div class=\"elementor-widget-wrap elementor-element-populated\">\n\t\t\t\t\t\t\t\t<div class=\"elementor-element elementor-element-7c9a2af elementor-widget elementor-widget-image\" data-id=\"7c9a2af\" data-element_type=\"widget\" data-widget_type=\"image.default\">\n\t\t\t\t<div class=\"elementor-widget-container\">\n\t\t\t\t\t\t\t\t\t\t\t\t\t\t\t<img loading=\"lazy\" decoding=\"async\" width=\"250\" height=\"60\" src=\"https:\/\/ieepeducacao.com.br\/universoagil\/wp-content\/uploads\/2021\/07\/ieep-universo-agil-elementos-site-logo-8415664abf82e1934206e3eecf7a393abbb1ad6d.png\" class=\"attachment-large size-large\" alt=\"\" \/>\t\t\t\t\t\t\t\t\t\t\t\t\t\t\t<\/div>\n\t\t\t\t<\/div>\n\t\t\t\t\t<\/div>\n\t\t<\/div>\n\t\t\t\t\t\t\t<\/div>\n\t\t<\/section>\n\t\t\t\t<section class=\"elementor-section elementor-top-section elementor-element elementor-element-a65dd2e elementor-section-boxed elementor-section-height-default elementor-section-height-default\" data-id=\"a65dd2e\" data-element_type=\"section\" data-settings=\"{&quot;background_background&quot;:&quot;classic&quot;}\">\n\t\t\t\t\t\t<div class=\"elementor-container elementor-column-gap-default\">\n\t\t\t\t\t<div class=\"elementor-column elementor-col-100 elementor-top-column elementor-element elementor-element-39bdd9c\" data-id=\"39bdd9c\" data-element_type=\"column\">\n\t\t\t<div class=\"elementor-widget-wrap elementor-element-populated\">\n\t\t\t\t\t\t\t\t<div class=\"elementor-element elementor-element-af4d346 elementor-hidden-desktop elementor-widget elementor-widget-heading\" data-id=\"af4d346\" data-element_type=\"widget\" data-widget_type=\"heading.default\">\n\t\t\t\t<div class=\"elementor-widget-container\">\n\t\t\t<h2 class=\"elementor-heading-title elementor-size-default\">Menu<\/h2>\t\t<\/div>\n\t\t\t\t<\/div>\n\t\t\t\t<div class=\"elementor-element elementor-element-5931a99 elementor-nav-menu__align-center elementor-nav-menu--dropdown-tablet elementor-nav-menu__text-align-aside elementor-nav-menu--toggle elementor-nav-menu--burger elementor-widget elementor-widget-nav-menu\" data-id=\"5931a99\" data-element_type=\"widget\" data-settings=\"{&quot;layout&quot;:&quot;horizontal&quot;,&quot;submenu_icon&quot;:{&quot;value&quot;:&quot;&lt;i class=\\&quot;fas fa-caret-down\\&quot;&gt;&lt;\\\/i&gt;&quot;,&quot;library&quot;:&quot;fa-solid&quot;},&quot;toggle&quot;:&quot;burger&quot;}\" data-widget_type=\"nav-menu.default\">\n\t\t\t\t<div class=\"elementor-widget-container\">\n\t\t\t\t\t\t<nav migration_allowed=\"1\" migrated=\"0\" role=\"navigation\" class=\"elementor-nav-menu--main elementor-nav-menu__container elementor-nav-menu--layout-horizontal e--pointer-underline e--animation-fade\"><ul id=\"menu-1-5931a99\" class=\"elementor-nav-menu\"><li class=\"menu-item menu-item-type-custom menu-item-object-custom menu-item-has-children menu-item-27\"><a class=\"elementor-item\">Trilhas de Conte\u00fados<\/a>\n<ul class=\"sub-menu elementor-nav-menu--dropdown\">\n\t<li class=\"menu-item menu-item-type-post_type menu-item-object-page menu-item-279\"><a href=\"https:\/\/ieepeducacao.com.br\/universoagil\/cultura-agil\/\" class=\"elementor-sub-item\">Cultura \u00c1gil<\/a><\/li>\n\t<li class=\"menu-item menu-item-type-post_type menu-item-object-page menu-item-280\"><a href=\"https:\/\/ieepeducacao.com.br\/universoagil\/metodos-ageis\/\" class=\"elementor-sub-item\">M\u00e9todos \u00c1geis<\/a><\/li>\n\t<li class=\"menu-item menu-item-type-post_type menu-item-object-page menu-item-282\"><a href=\"https:\/\/ieepeducacao.com.br\/universoagil\/lideranca\/\" class=\"elementor-sub-item\">Lideran\u00e7a<\/a><\/li>\n\t<li class=\"menu-item menu-item-type-post_type menu-item-object-page menu-item-281\"><a href=\"https:\/\/ieepeducacao.com.br\/universoagil\/agilidade-na-pratica\/\" class=\"elementor-sub-item\">Agilidade na Pr\u00e1tica<\/a><\/li>\n<\/ul>\n<\/li>\n<li class=\"menu-item menu-item-type-custom menu-item-object-custom menu-item-has-children menu-item-885\"><a class=\"elementor-item\">Testes<\/a>\n<ul class=\"sub-menu elementor-nav-menu--dropdown\">\n\t<li class=\"menu-item menu-item-type-post_type menu-item-object-page menu-item-886\"><a href=\"https:\/\/ieepeducacao.com.br\/universoagil\/teste-estilo-de-lideranca\/\" class=\"elementor-sub-item\">Teste: Estilo de Lideran\u00e7a<\/a><\/li>\n\t<li class=\"menu-item menu-item-type-post_type menu-item-object-page menu-item-887\"><a href=\"https:\/\/ieepeducacao.com.br\/universoagil\/teste-inteligencia-emocional\/\" class=\"elementor-sub-item\">Teste: Intelig\u00eancia Emocional<\/a><\/li>\n\t<li class=\"menu-item menu-item-type-post_type menu-item-object-page menu-item-888\"><a href=\"https:\/\/ieepeducacao.com.br\/universoagil\/teste-o-quao-agil-voce-e\/\" class=\"elementor-sub-item\">Teste: O Qu\u00e3o \u00c1gil Voc\u00ea \u00c9?<\/a><\/li>\n<\/ul>\n<\/li>\n<li class=\"menu-item menu-item-type-custom menu-item-object-custom menu-item-228\"><a href=\"https:\/\/www.ieepeducacao.com.br\/cursos\/cursos-online-ieep\/\" class=\"elementor-item\">Cursos Online<\/a><\/li>\n<li class=\"menu-item menu-item-type-custom menu-item-object-custom menu-item-229\"><a href=\"https:\/\/www.ieepeducacao.com.br\/\" class=\"elementor-item\">IEEP<\/a><\/li>\n<li class=\"menu-item menu-item-type-custom menu-item-object-custom menu-item-230\"><a href=\"https:\/\/www.ieepeducacao.com.br\/incompany\/\" class=\"elementor-item\">Incompany<\/a><\/li>\n<\/ul><\/nav>\n\t\t\t\t\t<div class=\"elementor-menu-toggle\" role=\"button\" tabindex=\"0\" aria-label=\"Alternar menu\" aria-expanded=\"false\">\n\t\t\t<i class=\"eicon-menu-bar\" aria-hidden=\"true\" role=\"presentation\"><\/i>\n\t\t\t<span class=\"elementor-screen-only\">Menu<\/span>\n\t\t<\/div>\n\t\t\t<nav class=\"elementor-nav-menu--dropdown elementor-nav-menu__container\" role=\"navigation\" aria-hidden=\"true\"><ul id=\"menu-2-5931a99\" class=\"elementor-nav-menu\"><li class=\"menu-item menu-item-type-custom menu-item-object-custom menu-item-has-children menu-item-27\"><a class=\"elementor-item\" tabindex=\"-1\">Trilhas de Conte\u00fados<\/a>\n<ul class=\"sub-menu elementor-nav-menu--dropdown\">\n\t<li class=\"menu-item menu-item-type-post_type menu-item-object-page menu-item-279\"><a href=\"https:\/\/ieepeducacao.com.br\/universoagil\/cultura-agil\/\" class=\"elementor-sub-item\" tabindex=\"-1\">Cultura \u00c1gil<\/a><\/li>\n\t<li class=\"menu-item menu-item-type-post_type menu-item-object-page menu-item-280\"><a href=\"https:\/\/ieepeducacao.com.br\/universoagil\/metodos-ageis\/\" class=\"elementor-sub-item\" tabindex=\"-1\">M\u00e9todos \u00c1geis<\/a><\/li>\n\t<li class=\"menu-item menu-item-type-post_type menu-item-object-page menu-item-282\"><a href=\"https:\/\/ieepeducacao.com.br\/universoagil\/lideranca\/\" class=\"elementor-sub-item\" tabindex=\"-1\">Lideran\u00e7a<\/a><\/li>\n\t<li class=\"menu-item menu-item-type-post_type menu-item-object-page menu-item-281\"><a href=\"https:\/\/ieepeducacao.com.br\/universoagil\/agilidade-na-pratica\/\" class=\"elementor-sub-item\" tabindex=\"-1\">Agilidade na Pr\u00e1tica<\/a><\/li>\n<\/ul>\n<\/li>\n<li class=\"menu-item menu-item-type-custom menu-item-object-custom menu-item-has-children menu-item-885\"><a class=\"elementor-item\" tabindex=\"-1\">Testes<\/a>\n<ul class=\"sub-menu elementor-nav-menu--dropdown\">\n\t<li class=\"menu-item menu-item-type-post_type menu-item-object-page menu-item-886\"><a href=\"https:\/\/ieepeducacao.com.br\/universoagil\/teste-estilo-de-lideranca\/\" class=\"elementor-sub-item\" tabindex=\"-1\">Teste: Estilo de Lideran\u00e7a<\/a><\/li>\n\t<li class=\"menu-item menu-item-type-post_type menu-item-object-page menu-item-887\"><a href=\"https:\/\/ieepeducacao.com.br\/universoagil\/teste-inteligencia-emocional\/\" class=\"elementor-sub-item\" tabindex=\"-1\">Teste: Intelig\u00eancia Emocional<\/a><\/li>\n\t<li class=\"menu-item menu-item-type-post_type menu-item-object-page menu-item-888\"><a href=\"https:\/\/ieepeducacao.com.br\/universoagil\/teste-o-quao-agil-voce-e\/\" class=\"elementor-sub-item\" tabindex=\"-1\">Teste: O Qu\u00e3o \u00c1gil Voc\u00ea \u00c9?<\/a><\/li>\n<\/ul>\n<\/li>\n<li class=\"menu-item menu-item-type-custom menu-item-object-custom menu-item-228\"><a href=\"https:\/\/www.ieepeducacao.com.br\/cursos\/cursos-online-ieep\/\" class=\"elementor-item\" tabindex=\"-1\">Cursos Online<\/a><\/li>\n<li class=\"menu-item menu-item-type-custom menu-item-object-custom menu-item-229\"><a href=\"https:\/\/www.ieepeducacao.com.br\/\" class=\"elementor-item\" tabindex=\"-1\">IEEP<\/a><\/li>\n<li class=\"menu-item menu-item-type-custom menu-item-object-custom menu-item-230\"><a href=\"https:\/\/www.ieepeducacao.com.br\/incompany\/\" class=\"elementor-item\" tabindex=\"-1\">Incompany<\/a><\/li>\n<\/ul><\/nav>\n\t\t\t\t<\/div>\n\t\t\t\t<\/div>\n\t\t\t\t\t<\/div>\n\t\t<\/div>\n\t\t\t\t\t\t\t<\/div>\n\t\t<\/section>\n\t\t\t\t<section class=\"elementor-section elementor-top-section elementor-element elementor-element-bbbc947 elementor-section-boxed elementor-section-height-default elementor-section-height-default\" data-id=\"bbbc947\" data-element_type=\"section\" data-settings=\"{&quot;background_background&quot;:&quot;classic&quot;}\">\n\t\t\t\t\t\t<div class=\"elementor-container elementor-column-gap-default\">\n\t\t\t\t\t<div class=\"elementor-column elementor-col-100 elementor-top-column elementor-element elementor-element-7537082\" data-id=\"7537082\" data-element_type=\"column\">\n\t\t\t<div class=\"elementor-widget-wrap elementor-element-populated\">\n\t\t\t\t\t\t\t\t<div class=\"elementor-element elementor-element-22d931b elementor-widget elementor-widget-heading\" data-id=\"22d931b\" data-element_type=\"widget\" data-widget_type=\"heading.default\">\n\t\t\t\t<div class=\"elementor-widget-container\">\n\t\t\t<h1 class=\"elementor-heading-title elementor-size-default\">Teste: Estilo de Lideran\u00e7a<\/h1>\t\t<\/div>\n\t\t\t\t<\/div>\n\t\t\t\t<div class=\"elementor-element elementor-element-c2679cd elementor-widget elementor-widget-text-editor\" data-id=\"c2679cd\" data-element_type=\"widget\" data-widget_type=\"text-editor.default\">\n\t\t\t\t<div class=\"elementor-widget-container\">\n\t\t\t\t\t\t\t<div id=\"ball_iwJEwoJALXkaF5XkOfqFmRA\" class=\"font-base ixp-text\">O objetivo deste teste \u00e9 fornecer o conhecimento sobre qual estilo de lideran\u00e7a voc\u00ea vem mais aplicando, por meio de\u00a0uma autoreflex\u00e3o sobre suas pr\u00e1ticas de lideran\u00e7a (afinal, lideran\u00e7a n\u00e3o \u00e9 dom!) e gerar insumos para que voc\u00ea se torne um l\u00edder mais adapt\u00e1vel e flex\u00edvel.<\/div><div>\u00a0<\/div><div class=\"font-base ixp-text\">Cada estilo tem 7 afirma\u00e7\u00f5es. Voc\u00ea deve marcar a frequ\u00eancia com que voc\u00ea aplica essa afirma\u00e7\u00e3o.<\/div><div>\u00a0<\/div><div class=\"font-base ixp-text\">Lembrando que n\u00e3o h\u00e1 certo e errado aqui, somente uma autoreflex\u00e3o do quanto voc\u00ea est\u00e1 executando cada pr\u00e1tica. Portanto, seja sincero com voc\u00ea mesmo!<\/div>\t\t\t\t\t\t<\/div>\n\t\t\t\t<\/div>\n\t\t\t\t<div class=\"elementor-element elementor-element-e314aa9 elementor-align-left elementor-widget elementor-widget-button\" data-id=\"e314aa9\" data-element_type=\"widget\" data-widget_type=\"button.default\">\n\t\t\t\t<div class=\"elementor-widget-container\">\n\t\t\t\t\t<div class=\"elementor-button-wrapper\">\n\t\t\t<a href=\"https:\/\/ieepeducacao.com.br\/universoagil\/teste-estilo-de-lideranca-embed\/\" class=\"elementor-button-link elementor-button elementor-size-sm\" role=\"button\">\n\t\t\t\t\t\t<span class=\"elementor-button-content-wrapper\">\n\t\t\t\t\t\t<span class=\"elementor-button-icon elementor-align-icon-right\">\n\t\t\t\t<i aria-hidden=\"true\" class=\"fas fa-arrow-right\"><\/i>\t\t\t<\/span>\n\t\t\t\t\t\t<span class=\"elementor-button-text\">Iniciar Teste<\/span>\n\t\t<\/span>\n\t\t\t\t\t<\/a>\n\t\t<\/div>\n\t\t\t\t<\/div>\n\t\t\t\t<\/div>\n\t\t\t\t\t<\/div>\n\t\t<\/div>\n\t\t\t\t\t\t\t<\/div>\n\t\t<\/section>\n\t\t\t\t<section class=\"elementor-section elementor-top-section elementor-element elementor-element-ad762a2 elementor-section-height-min-height elementor-reverse-tablet elementor-reverse-mobile elementor-section-boxed elementor-section-height-default elementor-section-items-middle\" data-id=\"ad762a2\" data-element_type=\"section\" data-settings=\"{&quot;background_background&quot;:&quot;classic&quot;}\">\n\t\t\t\t\t\t<div class=\"elementor-container elementor-column-gap-default\">\n\t\t\t\t\t<div class=\"elementor-column elementor-col-50 elementor-top-column elementor-element elementor-element-35deef8\" data-id=\"35deef8\" data-element_type=\"column\">\n\t\t\t<div class=\"elementor-widget-wrap elementor-element-populated\">\n\t\t\t\t\t\t\t\t<div class=\"elementor-element elementor-element-b3f1a25 elementor-widget elementor-widget-text-editor\" data-id=\"b3f1a25\" data-element_type=\"widget\" data-widget_type=\"text-editor.default\">\n\t\t\t\t<div class=\"elementor-widget-container\">\n\t\t\t\t\t\t\t<p>2021\u00a0IEEP &#8211; Instituto de Educa\u00e7\u00e3o por Experi\u00eancia e Pr\u00e1tica. Todos os direitos reservados.<\/p>\t\t\t\t\t\t<\/div>\n\t\t\t\t<\/div>\n\t\t\t\t\t<\/div>\n\t\t<\/div>\n\t\t\t\t<div class=\"elementor-column elementor-col-50 elementor-top-column elementor-element elementor-element-25afa74\" data-id=\"25afa74\" data-element_type=\"column\">\n\t\t\t<div class=\"elementor-widget-wrap elementor-element-populated\">\n\t\t\t\t\t\t\t\t<div class=\"elementor-element elementor-element-0118b52 elementor-widget elementor-widget-text-editor\" data-id=\"0118b52\" data-element_type=\"widget\" data-widget_type=\"text-editor.default\">\n\t\t\t\t<div class=\"elementor-widget-container\">\n\t\t\t\t\t\t\t<p>Compartilhe:<\/p>\t\t\t\t\t\t<\/div>\n\t\t\t\t<\/div>\n\t\t\t\t<div class=\"elementor-element elementor-element-7ddf48b elementor-share-buttons--view-icon elementor-share-buttons--skin-minimal elementor-share-buttons--shape-circle elementor-share-buttons-mobile--align-center elementor-share-buttons--color-custom elementor-grid-0 elementor-widget elementor-widget-share-buttons\" data-id=\"7ddf48b\" data-element_type=\"widget\" data-widget_type=\"share-buttons.default\">\n\t\t\t\t<div class=\"elementor-widget-container\">\n\t\t\t\t\t<div class=\"elementor-grid\">\n\t\t\t\t\t\t\t\t<div class=\"elementor-grid-item\">\n\t\t\t\t\t\t<div class=\"elementor-share-btn elementor-share-btn_facebook\">\n\t\t\t\t\t\t\t\t\t\t\t\t\t\t\t<span class=\"elementor-share-btn__icon\">\n\t\t\t\t\t\t\t\t<i class=\"fab fa-facebook\" aria-hidden=\"true\"><\/i>\t\t\t\t\t\t\t\t<span\n\t\t\t\t\t\t\t\t\tclass=\"elementor-screen-only\">Compartilhar no facebook<\/span>\n\t\t\t\t\t\t\t<\/span>\n\t\t\t\t\t\t\t\t\t\t\t\t\t\t\t\t\t\t\t\t<\/div>\n\t\t\t\t\t<\/div>\n\t\t\t\t\t\t\t\t\t<div class=\"elementor-grid-item\">\n\t\t\t\t\t\t<div class=\"elementor-share-btn elementor-share-btn_twitter\">\n\t\t\t\t\t\t\t\t\t\t\t\t\t\t\t<span class=\"elementor-share-btn__icon\">\n\t\t\t\t\t\t\t\t<i class=\"fab fa-twitter\" aria-hidden=\"true\"><\/i>\t\t\t\t\t\t\t\t<span\n\t\t\t\t\t\t\t\t\tclass=\"elementor-screen-only\">Compartilhar no twitter<\/span>\n\t\t\t\t\t\t\t<\/span>\n\t\t\t\t\t\t\t\t\t\t\t\t\t\t\t\t\t\t\t\t<\/div>\n\t\t\t\t\t<\/div>\n\t\t\t\t\t\t\t\t\t<div class=\"elementor-grid-item\">\n\t\t\t\t\t\t<div class=\"elementor-share-btn elementor-share-btn_linkedin\">\n\t\t\t\t\t\t\t\t\t\t\t\t\t\t\t<span class=\"elementor-share-btn__icon\">\n\t\t\t\t\t\t\t\t<i class=\"fab fa-linkedin\" aria-hidden=\"true\"><\/i>\t\t\t\t\t\t\t\t<span\n\t\t\t\t\t\t\t\t\tclass=\"elementor-screen-only\">Compartilhar no linkedin<\/span>\n\t\t\t\t\t\t\t<\/span>\n\t\t\t\t\t\t\t\t\t\t\t\t\t\t\t\t\t\t\t\t<\/div>\n\t\t\t\t\t<\/div>\n\t\t\t\t\t\t<\/div>\n\t\t\t\t<\/div>\n\t\t\t\t<\/div>\n\t\t\t\t\t<\/div>\n\t\t<\/div>\n\t\t\t\t\t\t\t<\/div>\n\t\t<\/section>\n\t\t\t\t\t\t<\/div>\n\t\t\t\t\t<\/div>\n\t\t","protected":false},"excerpt":{"rendered":"<p>Menu Teste: Estilo de Lideran\u00e7a O objetivo deste teste \u00e9 fornecer o conhecimento sobre qual estilo de lideran\u00e7a voc\u00ea vem mais aplicando, por meio de\u00a0uma autoreflex\u00e3o sobre suas pr\u00e1ticas de lideran\u00e7a (afinal, lideran\u00e7a n\u00e3o \u00e9 dom!) e gerar insumos para que voc\u00ea se torne um l\u00edder mais adapt\u00e1vel e flex\u00edvel.\u00a0Cada estilo tem 7 afirma\u00e7\u00f5es. Voc\u00ea [&hellip;]<\/p>\n","protected":false},"author":1,"featured_media":0,"parent":0,"menu_order":0,"comment_status":"closed","ping_status":"closed","template":"elementor_canvas","meta":{"footnotes":""},"class_list":["post-682","page","type-page","status-publish","hentry"],"_links":{"self":[{"href":"https:\/\/ieepeducacao.com.br\/universoagil\/wp-json\/wp\/v2\/pages\/682","targetHints":{"allow":["GET"]}}],"collection":[{"href":"https:\/\/ieepeducacao.com.br\/universoagil\/wp-json\/wp\/v2\/pages"}],"about":[{"href":"https:\/\/ieepeducacao.com.br\/universoagil\/wp-json\/wp\/v2\/types\/page"}],"author":[{"embeddable":true,"href":"https:\/\/ieepeducacao.com.br\/universoagil\/wp-json\/wp\/v2\/users\/1"}],"replies":[{"embeddable":true,"href":"https:\/\/ieepeducacao.com.br\/universoagil\/wp-json\/wp\/v2\/comments?post=682"}],"version-history":[{"count":7,"href":"https:\/\/ieepeducacao.com.br\/universoagil\/wp-json\/wp\/v2\/pages\/682\/revisions"}],"predecessor-version":[{"id":693,"href":"https:\/\/ieepeducacao.com.br\/universoagil\/wp-json\/wp\/v2\/pages\/682\/revisions\/693"}],"wp:attachment":[{"href":"https:\/\/ieepeducacao.com.br\/universoagil\/wp-json\/wp\/v2\/media?parent=682"}],"curies":[{"name":"wp","href":"https:\/\/api.w.org\/{rel}","templated":true}]}}